{"id":73,"date":"2020-09-29T13:03:53","date_gmt":"2020-09-29T13:03:53","guid":{"rendered":"http:\/\/192.168.10.205\/?page_id=73"},"modified":"2020-10-02T13:39:12","modified_gmt":"2020-10-02T11:39:12","slug":"junior-sap-konsult","status":"publish","type":"page","link":"https:\/\/www.everteam.se\/?page_id=73","title":{"rendered":"Junior SAP-konsult"},"content":{"rendered":"\n<p>Du som ser en framtid som&nbsp;<strong>Junior SAP-konsult<\/strong>&nbsp;p\u00e5 Everteam har\u2026<\/p>\n\n\n\n<ul><li>en akademisk examen inom n\u00e5got av omr\u00e5dena teknologi eller systemvetenskap<\/li><li>vilja att, inom omr\u00e5det aff\u00e4rsystem, arbeta med tekniska fr\u00e5gor, t ex programmering eller integrationer<\/li><li>initiativtagande som naturlig drivkraft<\/li><li>goda spr\u00e5kkunskaper samt internationell erfarenhet<\/li><li>l\u00e4tt f\u00f6r att uttrycka Dig i tal och skrift samt framf\u00f6ra ett budskap inf\u00f6r publik<\/li><li>lust att arbeta p\u00e5 ett ungt f\u00f6retag i en expansiv fas<\/li><\/ul>\n\n\n\n<p>Framtiden f\u00f6r Dig som&nbsp;<strong>Junior SAP-konsult<\/strong>&nbsp;p\u00e5 Everteam\u2026<\/p>\n\n\n\n<ul><li>inneb\u00e4r att st\u00e4ndigt utvecklas professionellt genom att delta i h\u00f6gintressanta uppdrag inom omr\u00e5det aff\u00e4rssystem<\/li><li>bjuder p\u00e5 varierande arbetsuppgifter i ett snabbv\u00e4xande och flexibelt f\u00f6retag med h\u00f6gt i tak<\/li><li>m\u00f6jligg\u00f6r att prova p\u00e5 olika roller b\u00e5de internt och ute hos kund<\/li><li>kr\u00e4ver stort engagemang och helhetsansvar av Dig som konsult, vilket ger Dig en viktig roll i f\u00f6retagsstrategiska beslut och uppbyggnaden av f\u00f6retaget<\/li><li>kommer att pr\u00e4glas av gott samarbete och n\u00e4ra till skratt p\u00e5 en arbetsplats som genomsyras av nyt\u00e4nkande och entrepren\u00f6rsanda<\/li><li>ser ljus ut!<\/li><\/ul>\n\n\n\n<p>\u00c4r du redo att m\u00f6ta framtiden med Everteam?!<\/p>\n\n\n\n<p>Du \u00e4r v\u00e4lkommen med Din ans\u00f6kan. Skicka Din uppdaterade CV samt en beskrivning av dina framtidsambitioner till\u00a0career(at)everteam.se. Om Du vill veta mer kan Du ringa oss p\u00e5 08-694 77 00 eller utforska\u00a0<a href=\"http:\/\/www.everteam.se\/\">www.everteam.se<\/a>.<\/p>\n","protected":false},"excerpt":{"rendered":"<p>Du som ser en framtid som&nbsp;Junior SAP-konsult&nbsp;p\u00e5 Everteam har\u2026 en akademisk examen inom n\u00e5got av omr\u00e5dena teknologi eller systemvetenskap vilja att, inom omr\u00e5det aff\u00e4rsystem, arbeta med tekniska fr\u00e5gor, t ex programmering eller integrationer initiativtagande som naturlig drivkraft goda spr\u00e5kkunskaper samt &hellip; <a href=\"https:\/\/www.everteam.se\/?page_id=73\">Continue reading <span class=\"meta-nav\">&rarr;<\/span><\/a><\/p>\n","protected":false},"author":1,"featured_media":0,"parent":70,"menu_order":0,"comment_status":"closed","ping_status":"closed","template":"","meta":[],"_links":{"self":[{"href":"https:\/\/www.everteam.se\/index.php?rest_route=\/wp\/v2\/pages\/73"}],"collection":[{"href":"https:\/\/www.everteam.se\/index.php?rest_route=\/wp\/v2\/pages"}],"about":[{"href":"https:\/\/www.everteam.se\/index.php?rest_route=\/wp\/v2\/types\/page"}],"author":[{"embeddable":true,"href":"https:\/\/www.everteam.se\/index.php?rest_route=\/wp\/v2\/users\/1"}],"replies":[{"embeddable":true,"href":"https:\/\/www.everteam.se\/index.php?rest_route=%2Fwp%2Fv2%2Fcomments&post=73"}],"version-history":[{"count":2,"href":"https:\/\/www.everteam.se\/index.php?rest_route=\/wp\/v2\/pages\/73\/revisions"}],"predecessor-version":[{"id":137,"href":"https:\/\/www.everteam.se\/index.php?rest_route=\/wp\/v2\/pages\/73\/revisions\/137"}],"up":[{"embeddable":true,"href":"https:\/\/www.everteam.se\/index.php?rest_route=\/wp\/v2\/pages\/70"}],"wp:attachment":[{"href":"https:\/\/www.everteam.se\/index.php?rest_route=%2Fwp%2Fv2%2Fmedia&parent=73"}],"curies":[{"name":"wp","href":"https:\/\/api.w.org\/{rel}","templated":true}]}}