{"id":76,"date":"2020-09-29T13:04:59","date_gmt":"2020-09-29T13:04:59","guid":{"rendered":"http:\/\/192.168.10.205\/?page_id=76"},"modified":"2020-10-02T13:39:29","modified_gmt":"2020-10-02T11:39:29","slug":"senior-sap-konsult","status":"publish","type":"page","link":"https:\/\/www.everteam.se\/?page_id=76","title":{"rendered":"Senior SAP-konsult"},"content":{"rendered":"\n<p>Du som ser en framtid som&nbsp;<strong>Senior SAP-konsult<\/strong>&nbsp;p\u00e5 Everteam har\u2026<\/p>\n\n\n\n<ul><li>en akademisk examen inom n\u00e5got av omr\u00e5dena teknik, systemvetenskap eller ekonomi<\/li><li>goda spr\u00e5kkunskaper samt vana att r\u00f6ra Dig och verka i internationella sammanhang<\/li><li>minst tre \u00e5rs erfarenhet av SAP-relaterade implementeringsprojekt<\/li><li>aff\u00e4rssinne och initiativtagande som naturliga drivkrafter i ditt arbete<\/li><li>intresse av att delta i f\u00f6retagets s\u00e4lj- och marknadsstrategiska arbete<\/li><li>l\u00e4tt att uttrycka Dig i tal och skrift samt framf\u00f6ra ett budskap inf\u00f6r publik<\/li><li>lust att arbeta p\u00e5 ett ungt f\u00f6retag i en expansiv fas<\/li><\/ul>\n\n\n\n<p>Framtiden f\u00f6r Dig som&nbsp;<strong>Senior SAP-konsult<\/strong>&nbsp;p\u00e5 Everteam\u2026<\/p>\n\n\n\n<ul><li>inneb\u00e4r att st\u00e4ndigt utvecklas professionellt genom att delta i h\u00f6gintressanta uppdrag och projekt<\/li><li>bjuder p\u00e5 varierande arbetsuppgifter i ett snabbv\u00e4xande och flexibelt f\u00f6retag med h\u00f6gt i tak<\/li><li>m\u00f6jligg\u00f6r att prova p\u00e5 olika roller b\u00e5de internt och ute hos kund<\/li><li>kr\u00e4ver stort engagemang och helhetsansvar av Dig som konsult, vilket ger Dig en viktig roll i f\u00f6retagsstrategiska beslut och uppbyggnaden av f\u00f6retaget<\/li><li>kommer att pr\u00e4glas av gott samarbete och n\u00e4ra till skratt p\u00e5 en arbetsplats som genomsyras av nyt\u00e4nkande och entrepren\u00f6rsanda<\/li><li>ser ljus ut!<\/li><\/ul>\n\n\n\n<p>\u00c4r du redo att m\u00f6ta framtiden med Everteam?<\/p>\n\n\n\n<p>Skicka Din uppdaterade CV samt en beskrivning av Dina framtidsambitioner till\u00a0career(at)everteam.se. Om Du vill veta mer kan Du ringa oss p\u00e5 08-694 77 00 eller sj\u00e4lv utforska www.everteam.se.<\/p>\n","protected":false},"excerpt":{"rendered":"<p>Du som ser en framtid som&nbsp;Senior SAP-konsult&nbsp;p\u00e5 Everteam har\u2026 en akademisk examen inom n\u00e5got av omr\u00e5dena teknik, systemvetenskap eller ekonomi goda spr\u00e5kkunskaper samt vana att r\u00f6ra Dig och verka i internationella sammanhang minst tre \u00e5rs erfarenhet av SAP-relaterade implementeringsprojekt aff\u00e4rssinne &hellip; <a href=\"https:\/\/www.everteam.se\/?page_id=76\">Continue reading <span class=\"meta-nav\">&rarr;<\/span><\/a><\/p>\n","protected":false},"author":1,"featured_media":0,"parent":70,"menu_order":1,"comment_status":"closed","ping_status":"closed","template":"","meta":[],"_links":{"self":[{"href":"https:\/\/www.everteam.se\/index.php?rest_route=\/wp\/v2\/pages\/76"}],"collection":[{"href":"https:\/\/www.everteam.se\/index.php?rest_route=\/wp\/v2\/pages"}],"about":[{"href":"https:\/\/www.everteam.se\/index.php?rest_route=\/wp\/v2\/types\/page"}],"author":[{"embeddable":true,"href":"https:\/\/www.everteam.se\/index.php?rest_route=\/wp\/v2\/users\/1"}],"replies":[{"embeddable":true,"href":"https:\/\/www.everteam.se\/index.php?rest_route=%2Fwp%2Fv2%2Fcomments&post=76"}],"version-history":[{"count":2,"href":"https:\/\/www.everteam.se\/index.php?rest_route=\/wp\/v2\/pages\/76\/revisions"}],"predecessor-version":[{"id":138,"href":"https:\/\/www.everteam.se\/index.php?rest_route=\/wp\/v2\/pages\/76\/revisions\/138"}],"up":[{"embeddable":true,"href":"https:\/\/www.everteam.se\/index.php?rest_route=\/wp\/v2\/pages\/70"}],"wp:attachment":[{"href":"https:\/\/www.everteam.se\/index.php?rest_route=%2Fwp%2Fv2%2Fmedia&parent=76"}],"curies":[{"name":"wp","href":"https:\/\/api.w.org\/{rel}","templated":true}]}}